{"id":259,"date":"2016-07-20T10:26:23","date_gmt":"2016-07-20T08:26:23","guid":{"rendered":"http:\/\/localhost:8888\/LpaLaw\/de\/?page_id=259"},"modified":"2026-02-13T14:45:04","modified_gmt":"2026-02-13T13:45:04","slug":"wer-wir-sind","status":"publish","type":"page","link":"https:\/\/www.lpalaw.com\/de\/kanzlei\/wer-wir-sind\/","title":{"rendered":"Wer wir sind"},"content":{"rendered":"<p>Wir sind eine franz\u00f6sische <a href=\"\/de\/team\/\"><strong>Wirtschaftskanzlei<\/strong><\/a>, die auch international t\u00e4tig ist. Dank unserer Kompetenzen und unseres <a href=\"https:\/\/www.lpalaw.com\/de\/unser-know-how\/\"><strong>Know-hows<\/strong><\/a> in zahlreichen Disziplinen kennen wir Ihre Herausforderungen genau und unterst\u00fctzen Sie bei der Planung und Durchf\u00fchrung Ihrer Projekte. Unsere Teams mit mehr als 300 Anw\u00e4lten und Berufstr\u00e4ger in weltweit <a href=\"https:\/\/www.lpalaw.com\/de\/buro\/\"><strong>15 B\u00fcros<\/strong><\/a> arbeiten mit Ihnen Hand in Hand, um Sie bei Ihren strategischen Projekten zu unterst\u00fctzen. Das von uns entwickelte Konzept des <a href=\"#smart\"><strong>Smart Law<\/strong><\/a>, das wir gern mit Ihnen teilen, bedeutet, Innovationen zu wagen, um die Entwicklung in Ihrem Umfeld zu antizipieren und Ihre Aktivit\u00e4ten auszubauen und zu sichern.<\/p>\n","protected":false},"excerpt":{"rendered":"<p>Wir sind eine franz\u00f6sische Wirtschaftskanzlei, die auch international t\u00e4tig ist. Dank unserer Kompetenzen und unseres Know-hows in zahlreichen Disziplinen kennen wir Ihre Herausforderungen genau und unterst\u00fctzen Sie bei der Planung und Durchf\u00fchrung Ihrer Projekte. Unsere Teams mit mehr als 300 Anw\u00e4lten und Berufstr\u00e4ger in weltweit 15 B\u00fcros arbeiten mit Ihnen Hand in Hand, um Sie [&hellip;]<\/p>\n","protected":false},"author":16,"featured_media":0,"parent":243,"menu_order":0,"comment_status":"closed","ping_status":"closed","template":"","meta":{"_acf_changed":false,"footnotes":""},"class_list":["post-259","page","type-page","status-publish","hentry"],"acf":[],"yoast_head":"<!-- This site is optimized with the Yoast SEO plugin v27.2 - https:\/\/yoast.com\/product\/yoast-seo-wordpress\/ -->\n<title>Wer wir sind - Rechtsanw\u00e4lte | LPA Law Avocats<\/title>\n<meta name=\"description\" content=\"Wir sind eine franz\u00f6sische Wirtschaftskanzlei, die auch international t\u00e4tig ist. Dank unserer Kompetenzen und unseres Know-hows in zahlreichen Disziplinen\" \/>\n<meta name=\"robots\" content=\"index, follow, max-snippet:-1, max-image-preview:large, max-video-preview:-1\" \/>\n<link rel=\"canonical\" href=\"https:\/\/www.lpalaw.com\/de\/kanzlei\/wer-wir-sind\/\" \/>\n<meta property=\"og:locale\" content=\"de_DE\" \/>\n<meta property=\"og:type\" content=\"article\" \/>\n<meta property=\"og:title\" content=\"Wer wir sind - Rechtsanw\u00e4lte | LPA Law Avocats\" \/>\n<meta property=\"og:description\" content=\"Wir sind eine franz\u00f6sische Wirtschaftskanzlei, die auch international t\u00e4tig ist. Dank unserer Kompetenzen und unseres Know-hows in zahlreichen Disziplinen\" \/>\n<meta property=\"og:url\" content=\"https:\/\/www.lpalaw.com\/de\/kanzlei\/wer-wir-sind\/\" \/>\n<meta property=\"og:site_name\" content=\"Rechtsanw\u00e4lte | LPA Law Avocats\" \/>\n<meta property=\"article:modified_time\" content=\"2026-02-13T13:45:04+00:00\" \/>\n<meta name=\"twitter:card\" content=\"summary_large_image\" \/>\n<meta name=\"twitter:site\" content=\"@lpalaw\" \/>\n<meta name=\"twitter:label1\" content=\"Gesch\u00e4tzte Lesezeit\" \/>\n\t<meta name=\"twitter:data1\" content=\"1\u00a0Minute\" \/>\n<script type=\"application\/ld+json\" class=\"yoast-schema-graph\">{\"@context\":\"https:\/\/schema.org\",\"@graph\":[{\"@type\":\"WebPage\",\"@id\":\"https:\/\/www.lpalaw.com\/de\/kanzlei\/wer-wir-sind\/\",\"url\":\"https:\/\/www.lpalaw.com\/de\/kanzlei\/wer-wir-sind\/\",\"name\":\"Wer wir sind - Rechtsanw\u00e4lte | LPA Law Avocats\",\"isPartOf\":{\"@id\":\"https:\/\/www.lpalaw.com\/#website\"},\"datePublished\":\"2016-07-20T08:26:23+00:00\",\"dateModified\":\"2026-02-13T13:45:04+00:00\",\"description\":\"Wir sind eine franz\u00f6sische Wirtschaftskanzlei, die auch international t\u00e4tig ist. Dank unserer Kompetenzen und unseres Know-hows in zahlreichen Disziplinen\",\"breadcrumb\":{\"@id\":\"https:\/\/www.lpalaw.com\/de\/kanzlei\/wer-wir-sind\/#breadcrumb\"},\"inLanguage\":\"de\",\"potentialAction\":[{\"@type\":\"ReadAction\",\"target\":[\"https:\/\/www.lpalaw.com\/de\/kanzlei\/wer-wir-sind\/\"]}]},{\"@type\":\"BreadcrumbList\",\"@id\":\"https:\/\/www.lpalaw.com\/de\/kanzlei\/wer-wir-sind\/#breadcrumb\",\"itemListElement\":[{\"@type\":\"ListItem\",\"position\":1,\"name\":\"Accueil\",\"item\":\"https:\/\/www.lpalaw.com\/de\/\"},{\"@type\":\"ListItem\",\"position\":2,\"name\":\"Kanzlei\",\"item\":\"https:\/\/www.lpalaw.com\/de\/kanzlei\/\"},{\"@type\":\"ListItem\",\"position\":3,\"name\":\"Wer wir sind\"}]},{\"@type\":\"WebSite\",\"@id\":\"https:\/\/www.lpalaw.com\/#website\",\"url\":\"https:\/\/www.lpalaw.com\/\",\"name\":\"Avocats d\u2019affaires | LPA Law\",\"description\":\"Rechtsanw\u00e4lte\",\"publisher\":{\"@id\":\"https:\/\/www.lpalaw.com\/#organization\"},\"potentialAction\":[{\"@type\":\"SearchAction\",\"target\":{\"@type\":\"EntryPoint\",\"urlTemplate\":\"https:\/\/www.lpalaw.com\/?s={search_term_string}\"},\"query-input\":{\"@type\":\"PropertyValueSpecification\",\"valueRequired\":true,\"valueName\":\"search_term_string\"}}],\"inLanguage\":\"de\"},{\"@type\":\"Organization\",\"@id\":\"https:\/\/www.lpalaw.com\/#organization\",\"name\":\"LPA Law\",\"url\":\"https:\/\/www.lpalaw.com\/\",\"logo\":{\"@type\":\"ImageObject\",\"inLanguage\":\"de\",\"@id\":\"https:\/\/www.lpalaw.com\/#\/schema\/logo\/image\/\",\"url\":\"https:\/\/www.lpalaw.com\/wp-content\/uploads\/2019\/03\/lpa.png\",\"contentUrl\":\"https:\/\/www.lpalaw.com\/wp-content\/uploads\/2019\/03\/lpa.png\",\"width\":130,\"height\":101,\"caption\":\"LPA Law\"},\"image\":{\"@id\":\"https:\/\/www.lpalaw.com\/#\/schema\/logo\/image\/\"},\"sameAs\":[\"https:\/\/x.com\/lpalaw\",\"https:\/\/www.linkedin.com\/company\/lpa-cgr-avocats\/\"]}]}<\/script>\n<!-- \/ Yoast SEO plugin. -->","yoast_head_json":{"title":"Wer wir sind - Rechtsanw\u00e4lte | LPA Law Avocats","description":"Wir sind eine franz\u00f6sische Wirtschaftskanzlei, die auch international t\u00e4tig ist. Dank unserer Kompetenzen und unseres Know-hows in zahlreichen Disziplinen","robots":{"index":"index","follow":"follow","max-snippet":"max-snippet:-1","max-image-preview":"max-image-preview:large","max-video-preview":"max-video-preview:-1"},"canonical":"https:\/\/www.lpalaw.com\/de\/kanzlei\/wer-wir-sind\/","og_locale":"de_DE","og_type":"article","og_title":"Wer wir sind - Rechtsanw\u00e4lte | LPA Law Avocats","og_description":"Wir sind eine franz\u00f6sische Wirtschaftskanzlei, die auch international t\u00e4tig ist. Dank unserer Kompetenzen und unseres Know-hows in zahlreichen Disziplinen","og_url":"https:\/\/www.lpalaw.com\/de\/kanzlei\/wer-wir-sind\/","og_site_name":"Rechtsanw\u00e4lte | LPA Law Avocats","article_modified_time":"2026-02-13T13:45:04+00:00","twitter_card":"summary_large_image","twitter_site":"@lpalaw","twitter_misc":{"Gesch\u00e4tzte Lesezeit":"1\u00a0Minute"},"schema":{"@context":"https:\/\/schema.org","@graph":[{"@type":"WebPage","@id":"https:\/\/www.lpalaw.com\/de\/kanzlei\/wer-wir-sind\/","url":"https:\/\/www.lpalaw.com\/de\/kanzlei\/wer-wir-sind\/","name":"Wer wir sind - Rechtsanw\u00e4lte | LPA Law Avocats","isPartOf":{"@id":"https:\/\/www.lpalaw.com\/#website"},"datePublished":"2016-07-20T08:26:23+00:00","dateModified":"2026-02-13T13:45:04+00:00","description":"Wir sind eine franz\u00f6sische Wirtschaftskanzlei, die auch international t\u00e4tig ist. Dank unserer Kompetenzen und unseres Know-hows in zahlreichen Disziplinen","breadcrumb":{"@id":"https:\/\/www.lpalaw.com\/de\/kanzlei\/wer-wir-sind\/#breadcrumb"},"inLanguage":"de","potentialAction":[{"@type":"ReadAction","target":["https:\/\/www.lpalaw.com\/de\/kanzlei\/wer-wir-sind\/"]}]},{"@type":"BreadcrumbList","@id":"https:\/\/www.lpalaw.com\/de\/kanzlei\/wer-wir-sind\/#breadcrumb","itemListElement":[{"@type":"ListItem","position":1,"name":"Accueil","item":"https:\/\/www.lpalaw.com\/de\/"},{"@type":"ListItem","position":2,"name":"Kanzlei","item":"https:\/\/www.lpalaw.com\/de\/kanzlei\/"},{"@type":"ListItem","position":3,"name":"Wer wir sind"}]},{"@type":"WebSite","@id":"https:\/\/www.lpalaw.com\/#website","url":"https:\/\/www.lpalaw.com\/","name":"Avocats d\u2019affaires | LPA Law","description":"Rechtsanw\u00e4lte","publisher":{"@id":"https:\/\/www.lpalaw.com\/#organization"},"potentialAction":[{"@type":"SearchAction","target":{"@type":"EntryPoint","urlTemplate":"https:\/\/www.lpalaw.com\/?s={search_term_string}"},"query-input":{"@type":"PropertyValueSpecification","valueRequired":true,"valueName":"search_term_string"}}],"inLanguage":"de"},{"@type":"Organization","@id":"https:\/\/www.lpalaw.com\/#organization","name":"LPA Law","url":"https:\/\/www.lpalaw.com\/","logo":{"@type":"ImageObject","inLanguage":"de","@id":"https:\/\/www.lpalaw.com\/#\/schema\/logo\/image\/","url":"https:\/\/www.lpalaw.com\/wp-content\/uploads\/2019\/03\/lpa.png","contentUrl":"https:\/\/www.lpalaw.com\/wp-content\/uploads\/2019\/03\/lpa.png","width":130,"height":101,"caption":"LPA Law"},"image":{"@id":"https:\/\/www.lpalaw.com\/#\/schema\/logo\/image\/"},"sameAs":["https:\/\/x.com\/lpalaw","https:\/\/www.linkedin.com\/company\/lpa-cgr-avocats\/"]}]}},"_links":{"self":[{"href":"https:\/\/www.lpalaw.com\/de\/wp-json\/wp\/v2\/pages\/259","targetHints":{"allow":["GET"]}}],"collection":[{"href":"https:\/\/www.lpalaw.com\/de\/wp-json\/wp\/v2\/pages"}],"about":[{"href":"https:\/\/www.lpalaw.com\/de\/wp-json\/wp\/v2\/types\/page"}],"author":[{"embeddable":true,"href":"https:\/\/www.lpalaw.com\/de\/wp-json\/wp\/v2\/users\/16"}],"replies":[{"embeddable":true,"href":"https:\/\/www.lpalaw.com\/de\/wp-json\/wp\/v2\/comments?post=259"}],"version-history":[{"count":21,"href":"https:\/\/www.lpalaw.com\/de\/wp-json\/wp\/v2\/pages\/259\/revisions"}],"predecessor-version":[{"id":36910,"href":"https:\/\/www.lpalaw.com\/de\/wp-json\/wp\/v2\/pages\/259\/revisions\/36910"}],"up":[{"embeddable":true,"href":"https:\/\/www.lpalaw.com\/de\/wp-json\/wp\/v2\/pages\/243"}],"wp:attachment":[{"href":"https:\/\/www.lpalaw.com\/de\/wp-json\/wp\/v2\/media?parent=259"}],"curies":[{"name":"wp","href":"https:\/\/api.w.org\/{rel}","templated":true}]}}