{"id":8818,"date":"2018-12-19T18:09:43","date_gmt":"2018-12-19T17:09:43","guid":{"rendered":"https:\/\/www.lpalaw.com\/?page_id=8818"},"modified":"2019-01-16T13:41:08","modified_gmt":"2019-01-16T12:41:08","slug":"unsere-hr-politik","status":"publish","type":"page","link":"https:\/\/www.lpalaw.com\/de\/unsere-hr-politik\/","title":{"rendered":"unsere HR-politik"},"content":{"rendered":"<h2 class=\"p1\">Aufgrund unseres stetigen Wachstums und der Erschlie\u00dfung neuer T\u00e4tigkeitsfelder verfolgt unsere Kanzlei eine aktive Einstellungspolitik.<\/h2>\n<p class=\"p1\">In Frankreich und \u00fcber unsere internationalen B\u00fcros weltweit suchen und stellen wir Rechtsanw\u00e4lte ein, die zu den besten Spezialisten ihrer Fachgebiete geh\u00f6ren. Bei unserer Einstellungspolitik setzen wir auf Werte wie Exzellenz, Gleichberechtigung, Vielfalt und Zielstrebigkeit \u2013 eine Politik, die uns zu einer der bedeutendsten Wirtschaftskanzleien Frankreichs gemacht hat.<\/p>\n<p class=\"p1\">Bei uns werden Sie Teil einer dynamischen, anspruchsvollen und engagierten Kanzlei, die \u00fcber die reinen Fachkenntnisse hinaus das Zusammenwachsen, die Weiterbildung und Weiterentwicklung der Teams f\u00f6rdert.<\/p>\n","protected":false},"excerpt":{"rendered":"<p>Aufgrund unseres stetigen Wachstums und der Erschlie\u00dfung neuer T\u00e4tigkeitsfelder verfolgt unsere Kanzlei eine aktive Einstellungspolitik. In Frankreich und \u00fcber unsere internationalen B\u00fcros weltweit suchen und stellen wir Rechtsanw\u00e4lte ein, die zu den besten Spezialisten ihrer Fachgebiete geh\u00f6ren. Bei unserer Einstellungspolitik setzen wir auf Werte wie Exzellenz, Gleichberechtigung, Vielfalt und Zielstrebigkeit \u2013 eine Politik, die uns [&hellip;]<\/p>\n","protected":false},"author":18,"featured_media":0,"parent":0,"menu_order":0,"comment_status":"closed","ping_status":"closed","template":"template\/template-politique.php","meta":{"_acf_changed":false,"footnotes":""},"class_list":["post-8818","page","type-page","status-publish","hentry"],"acf":[],"yoast_head":"<!-- This site is optimized with the Yoast SEO plugin v27.2 - https:\/\/yoast.com\/product\/yoast-seo-wordpress\/ -->\n<title>unsere HR-politik - Rechtsanw\u00e4lte | LPA Law Avocats<\/title>\n<meta name=\"description\" content=\"Aufgrund unseres stetigen Wachstums und der Erschlie\u00dfung neuer T\u00e4tigkeitsfelder verfolgt unsere Kanzlei eine aktive Einstellungspolitik. In Frankreich und\" \/>\n<meta name=\"robots\" content=\"index, follow, max-snippet:-1, max-image-preview:large, max-video-preview:-1\" \/>\n<link rel=\"canonical\" href=\"https:\/\/www.lpalaw.com\/de\/unsere-hr-politik\/\" \/>\n<meta property=\"og:locale\" content=\"de_DE\" \/>\n<meta property=\"og:type\" content=\"article\" \/>\n<meta property=\"og:title\" content=\"unsere HR-politik - Rechtsanw\u00e4lte | LPA Law Avocats\" \/>\n<meta property=\"og:description\" content=\"Aufgrund unseres stetigen Wachstums und der Erschlie\u00dfung neuer T\u00e4tigkeitsfelder verfolgt unsere Kanzlei eine aktive Einstellungspolitik. In Frankreich und\" \/>\n<meta property=\"og:url\" content=\"https:\/\/www.lpalaw.com\/de\/unsere-hr-politik\/\" \/>\n<meta property=\"og:site_name\" content=\"Rechtsanw\u00e4lte | LPA Law Avocats\" \/>\n<meta property=\"article:modified_time\" content=\"2019-01-16T12:41:08+00:00\" \/>\n<meta name=\"twitter:card\" content=\"summary_large_image\" \/>\n<meta name=\"twitter:site\" content=\"@lpalaw\" \/>\n<script type=\"application\/ld+json\" class=\"yoast-schema-graph\">{\"@context\":\"https:\/\/schema.org\",\"@graph\":[{\"@type\":\"WebPage\",\"@id\":\"https:\/\/www.lpalaw.com\/de\/unsere-hr-politik\/\",\"url\":\"https:\/\/www.lpalaw.com\/de\/unsere-hr-politik\/\",\"name\":\"unsere HR-politik - Rechtsanw\u00e4lte | LPA Law Avocats\",\"isPartOf\":{\"@id\":\"https:\/\/www.lpalaw.com\/#website\"},\"datePublished\":\"2018-12-19T17:09:43+00:00\",\"dateModified\":\"2019-01-16T12:41:08+00:00\",\"description\":\"Aufgrund unseres stetigen Wachstums und der Erschlie\u00dfung neuer T\u00e4tigkeitsfelder verfolgt unsere Kanzlei eine aktive Einstellungspolitik. In Frankreich und\",\"breadcrumb\":{\"@id\":\"https:\/\/www.lpalaw.com\/de\/unsere-hr-politik\/#breadcrumb\"},\"inLanguage\":\"de\",\"potentialAction\":[{\"@type\":\"ReadAction\",\"target\":[\"https:\/\/www.lpalaw.com\/de\/unsere-hr-politik\/\"]}]},{\"@type\":\"BreadcrumbList\",\"@id\":\"https:\/\/www.lpalaw.com\/de\/unsere-hr-politik\/#breadcrumb\",\"itemListElement\":[{\"@type\":\"ListItem\",\"position\":1,\"name\":\"Accueil\",\"item\":\"https:\/\/www.lpalaw.com\/de\/\"},{\"@type\":\"ListItem\",\"position\":2,\"name\":\"unsere HR-politik\"}]},{\"@type\":\"WebSite\",\"@id\":\"https:\/\/www.lpalaw.com\/#website\",\"url\":\"https:\/\/www.lpalaw.com\/\",\"name\":\"Avocats d\u2019affaires | LPA Law\",\"description\":\"Rechtsanw\u00e4lte\",\"publisher\":{\"@id\":\"https:\/\/www.lpalaw.com\/#organization\"},\"potentialAction\":[{\"@type\":\"SearchAction\",\"target\":{\"@type\":\"EntryPoint\",\"urlTemplate\":\"https:\/\/www.lpalaw.com\/?s={search_term_string}\"},\"query-input\":{\"@type\":\"PropertyValueSpecification\",\"valueRequired\":true,\"valueName\":\"search_term_string\"}}],\"inLanguage\":\"de\"},{\"@type\":\"Organization\",\"@id\":\"https:\/\/www.lpalaw.com\/#organization\",\"name\":\"LPA Law\",\"url\":\"https:\/\/www.lpalaw.com\/\",\"logo\":{\"@type\":\"ImageObject\",\"inLanguage\":\"de\",\"@id\":\"https:\/\/www.lpalaw.com\/#\/schema\/logo\/image\/\",\"url\":\"https:\/\/www.lpalaw.com\/wp-content\/uploads\/2019\/03\/lpa.png\",\"contentUrl\":\"https:\/\/www.lpalaw.com\/wp-content\/uploads\/2019\/03\/lpa.png\",\"width\":130,\"height\":101,\"caption\":\"LPA Law\"},\"image\":{\"@id\":\"https:\/\/www.lpalaw.com\/#\/schema\/logo\/image\/\"},\"sameAs\":[\"https:\/\/x.com\/lpalaw\",\"https:\/\/www.linkedin.com\/company\/lpa-cgr-avocats\/\"]}]}<\/script>\n<!-- \/ Yoast SEO plugin. -->","yoast_head_json":{"title":"unsere HR-politik - Rechtsanw\u00e4lte | LPA Law Avocats","description":"Aufgrund unseres stetigen Wachstums und der Erschlie\u00dfung neuer T\u00e4tigkeitsfelder verfolgt unsere Kanzlei eine aktive Einstellungspolitik. In Frankreich und","robots":{"index":"index","follow":"follow","max-snippet":"max-snippet:-1","max-image-preview":"max-image-preview:large","max-video-preview":"max-video-preview:-1"},"canonical":"https:\/\/www.lpalaw.com\/de\/unsere-hr-politik\/","og_locale":"de_DE","og_type":"article","og_title":"unsere HR-politik - Rechtsanw\u00e4lte | LPA Law Avocats","og_description":"Aufgrund unseres stetigen Wachstums und der Erschlie\u00dfung neuer T\u00e4tigkeitsfelder verfolgt unsere Kanzlei eine aktive Einstellungspolitik. In Frankreich und","og_url":"https:\/\/www.lpalaw.com\/de\/unsere-hr-politik\/","og_site_name":"Rechtsanw\u00e4lte | LPA Law Avocats","article_modified_time":"2019-01-16T12:41:08+00:00","twitter_card":"summary_large_image","twitter_site":"@lpalaw","schema":{"@context":"https:\/\/schema.org","@graph":[{"@type":"WebPage","@id":"https:\/\/www.lpalaw.com\/de\/unsere-hr-politik\/","url":"https:\/\/www.lpalaw.com\/de\/unsere-hr-politik\/","name":"unsere HR-politik - Rechtsanw\u00e4lte | LPA Law Avocats","isPartOf":{"@id":"https:\/\/www.lpalaw.com\/#website"},"datePublished":"2018-12-19T17:09:43+00:00","dateModified":"2019-01-16T12:41:08+00:00","description":"Aufgrund unseres stetigen Wachstums und der Erschlie\u00dfung neuer T\u00e4tigkeitsfelder verfolgt unsere Kanzlei eine aktive Einstellungspolitik. In Frankreich und","breadcrumb":{"@id":"https:\/\/www.lpalaw.com\/de\/unsere-hr-politik\/#breadcrumb"},"inLanguage":"de","potentialAction":[{"@type":"ReadAction","target":["https:\/\/www.lpalaw.com\/de\/unsere-hr-politik\/"]}]},{"@type":"BreadcrumbList","@id":"https:\/\/www.lpalaw.com\/de\/unsere-hr-politik\/#breadcrumb","itemListElement":[{"@type":"ListItem","position":1,"name":"Accueil","item":"https:\/\/www.lpalaw.com\/de\/"},{"@type":"ListItem","position":2,"name":"unsere HR-politik"}]},{"@type":"WebSite","@id":"https:\/\/www.lpalaw.com\/#website","url":"https:\/\/www.lpalaw.com\/","name":"Avocats d\u2019affaires | LPA Law","description":"Rechtsanw\u00e4lte","publisher":{"@id":"https:\/\/www.lpalaw.com\/#organization"},"potentialAction":[{"@type":"SearchAction","target":{"@type":"EntryPoint","urlTemplate":"https:\/\/www.lpalaw.com\/?s={search_term_string}"},"query-input":{"@type":"PropertyValueSpecification","valueRequired":true,"valueName":"search_term_string"}}],"inLanguage":"de"},{"@type":"Organization","@id":"https:\/\/www.lpalaw.com\/#organization","name":"LPA Law","url":"https:\/\/www.lpalaw.com\/","logo":{"@type":"ImageObject","inLanguage":"de","@id":"https:\/\/www.lpalaw.com\/#\/schema\/logo\/image\/","url":"https:\/\/www.lpalaw.com\/wp-content\/uploads\/2019\/03\/lpa.png","contentUrl":"https:\/\/www.lpalaw.com\/wp-content\/uploads\/2019\/03\/lpa.png","width":130,"height":101,"caption":"LPA Law"},"image":{"@id":"https:\/\/www.lpalaw.com\/#\/schema\/logo\/image\/"},"sameAs":["https:\/\/x.com\/lpalaw","https:\/\/www.linkedin.com\/company\/lpa-cgr-avocats\/"]}]}},"_links":{"self":[{"href":"https:\/\/www.lpalaw.com\/de\/wp-json\/wp\/v2\/pages\/8818","targetHints":{"allow":["GET"]}}],"collection":[{"href":"https:\/\/www.lpalaw.com\/de\/wp-json\/wp\/v2\/pages"}],"about":[{"href":"https:\/\/www.lpalaw.com\/de\/wp-json\/wp\/v2\/types\/page"}],"author":[{"embeddable":true,"href":"https:\/\/www.lpalaw.com\/de\/wp-json\/wp\/v2\/users\/18"}],"replies":[{"embeddable":true,"href":"https:\/\/www.lpalaw.com\/de\/wp-json\/wp\/v2\/comments?post=8818"}],"version-history":[{"count":2,"href":"https:\/\/www.lpalaw.com\/de\/wp-json\/wp\/v2\/pages\/8818\/revisions"}],"predecessor-version":[{"id":9634,"href":"https:\/\/www.lpalaw.com\/de\/wp-json\/wp\/v2\/pages\/8818\/revisions\/9634"}],"wp:attachment":[{"href":"https:\/\/www.lpalaw.com\/de\/wp-json\/wp\/v2\/media?parent=8818"}],"curies":[{"name":"wp","href":"https:\/\/api.w.org\/{rel}","templated":true}]}}