{"id":3060,"date":"2016-07-25T18:14:21","date_gmt":"2016-07-25T16:14:21","guid":{"rendered":"https:\/\/www.lpalaw.com\/hr-policy\/devenir-stagiaire\/"},"modified":"2017-01-10T12:24:04","modified_gmt":"2017-01-10T11:24:04","slug":"become-interne","status":"publish","type":"page","link":"https:\/\/www.lpalaw.com\/en\/hr-policy\/become-interne\/","title":{"rendered":"Become Intern"},"content":{"rendered":"","protected":false},"excerpt":{"rendered":"","protected":false},"author":16,"featured_media":0,"parent":2854,"menu_order":0,"comment_status":"closed","ping_status":"closed","template":"template\/template-offre.php","meta":{"_acf_changed":false,"footnotes":""},"class_list":["post-3060","page","type-page","status-publish","hentry"],"acf":[],"yoast_head":"<!-- This site is optimized with the Yoast SEO plugin v27.2 - https:\/\/yoast.com\/product\/yoast-seo-wordpress\/ -->\n<title>Become Intern - Business Lawyers | LPA Law Avocats<\/title>\n<meta name=\"description\" content=\"Devenir Stagiaire au sein du cabinet d&#039;avocat LPA - CGR : rejoignez notre cabinet de 180 avocats et donnez de l&#039;\u00e9lan \u00e0 votre carri\u00e8re internationale !\" \/>\n<meta name=\"robots\" content=\"index, follow, max-snippet:-1, max-image-preview:large, max-video-preview:-1\" \/>\n<link rel=\"canonical\" href=\"https:\/\/www.lpalaw.com\/en\/hr-policy\/become-interne\/\" \/>\n<meta property=\"og:locale\" content=\"en_US\" \/>\n<meta property=\"og:type\" content=\"article\" \/>\n<meta property=\"og:title\" content=\"Become Intern - Business Lawyers | LPA Law Avocats\" \/>\n<meta property=\"og:description\" content=\"Devenir Stagiaire au sein du cabinet d&#039;avocat LPA - CGR : rejoignez notre cabinet de 180 avocats et donnez de l&#039;\u00e9lan \u00e0 votre carri\u00e8re internationale !\" \/>\n<meta property=\"og:url\" content=\"https:\/\/www.lpalaw.com\/en\/hr-policy\/become-interne\/\" \/>\n<meta property=\"og:site_name\" content=\"Business Lawyers | LPA Law Avocats\" \/>\n<meta property=\"article:modified_time\" content=\"2017-01-10T11:24:04+00:00\" \/>\n<meta name=\"twitter:card\" content=\"summary_large_image\" \/>\n<meta name=\"twitter:site\" content=\"@lpalaw\" \/>\n<script type=\"application\/ld+json\" class=\"yoast-schema-graph\">{\"@context\":\"https:\/\/schema.org\",\"@graph\":[{\"@type\":\"WebPage\",\"@id\":\"https:\/\/www.lpalaw.com\/en\/hr-policy\/become-interne\/\",\"url\":\"https:\/\/www.lpalaw.com\/en\/hr-policy\/become-interne\/\",\"name\":\"Become Intern - Business Lawyers | LPA Law Avocats\",\"isPartOf\":{\"@id\":\"https:\/\/www.lpalaw.com\/#website\"},\"datePublished\":\"2016-07-25T16:14:21+00:00\",\"dateModified\":\"2017-01-10T11:24:04+00:00\",\"description\":\"Devenir Stagiaire au sein du cabinet d'avocat LPA - CGR : rejoignez notre cabinet de 180 avocats et donnez de l'\u00e9lan \u00e0 votre carri\u00e8re internationale !\",\"breadcrumb\":{\"@id\":\"https:\/\/www.lpalaw.com\/en\/hr-policy\/become-interne\/#breadcrumb\"},\"inLanguage\":\"en-US\",\"potentialAction\":[{\"@type\":\"ReadAction\",\"target\":[\"https:\/\/www.lpalaw.com\/en\/hr-policy\/become-interne\/\"]}]},{\"@type\":\"BreadcrumbList\",\"@id\":\"https:\/\/www.lpalaw.com\/en\/hr-policy\/become-interne\/#breadcrumb\",\"itemListElement\":[{\"@type\":\"ListItem\",\"position\":1,\"name\":\"Accueil\",\"item\":\"https:\/\/www.lpalaw.com\/en\/\"},{\"@type\":\"ListItem\",\"position\":2,\"name\":\"Our HR policy\",\"item\":\"https:\/\/www.lpalaw.com\/en\/hr-policy\/\"},{\"@type\":\"ListItem\",\"position\":3,\"name\":\"Become Intern\"}]},{\"@type\":\"WebSite\",\"@id\":\"https:\/\/www.lpalaw.com\/#website\",\"url\":\"https:\/\/www.lpalaw.com\/\",\"name\":\"Avocats d\u2019affaires | LPA Law\",\"description\":\"Business Lawyers\",\"publisher\":{\"@id\":\"https:\/\/www.lpalaw.com\/#organization\"},\"potentialAction\":[{\"@type\":\"SearchAction\",\"target\":{\"@type\":\"EntryPoint\",\"urlTemplate\":\"https:\/\/www.lpalaw.com\/?s={search_term_string}\"},\"query-input\":{\"@type\":\"PropertyValueSpecification\",\"valueRequired\":true,\"valueName\":\"search_term_string\"}}],\"inLanguage\":\"en-US\"},{\"@type\":\"Organization\",\"@id\":\"https:\/\/www.lpalaw.com\/#organization\",\"name\":\"LPA Law\",\"url\":\"https:\/\/www.lpalaw.com\/\",\"logo\":{\"@type\":\"ImageObject\",\"inLanguage\":\"en-US\",\"@id\":\"https:\/\/www.lpalaw.com\/#\/schema\/logo\/image\/\",\"url\":\"https:\/\/www.lpalaw.com\/wp-content\/uploads\/2019\/03\/lpa.png\",\"contentUrl\":\"https:\/\/www.lpalaw.com\/wp-content\/uploads\/2019\/03\/lpa.png\",\"width\":130,\"height\":101,\"caption\":\"LPA Law\"},\"image\":{\"@id\":\"https:\/\/www.lpalaw.com\/#\/schema\/logo\/image\/\"},\"sameAs\":[\"https:\/\/x.com\/lpalaw\",\"https:\/\/www.linkedin.com\/company\/lpa-cgr-avocats\/\"]}]}<\/script>\n<!-- \/ Yoast SEO plugin. -->","yoast_head_json":{"title":"Become Intern - Business Lawyers | LPA Law Avocats","description":"Devenir Stagiaire au sein du cabinet d'avocat LPA - CGR : rejoignez notre cabinet de 180 avocats et donnez de l'\u00e9lan \u00e0 votre carri\u00e8re internationale !","robots":{"index":"index","follow":"follow","max-snippet":"max-snippet:-1","max-image-preview":"max-image-preview:large","max-video-preview":"max-video-preview:-1"},"canonical":"https:\/\/www.lpalaw.com\/en\/hr-policy\/become-interne\/","og_locale":"en_US","og_type":"article","og_title":"Become Intern - Business Lawyers | LPA Law Avocats","og_description":"Devenir Stagiaire au sein du cabinet d'avocat LPA - CGR : rejoignez notre cabinet de 180 avocats et donnez de l'\u00e9lan \u00e0 votre carri\u00e8re internationale !","og_url":"https:\/\/www.lpalaw.com\/en\/hr-policy\/become-interne\/","og_site_name":"Business Lawyers | LPA Law Avocats","article_modified_time":"2017-01-10T11:24:04+00:00","twitter_card":"summary_large_image","twitter_site":"@lpalaw","schema":{"@context":"https:\/\/schema.org","@graph":[{"@type":"WebPage","@id":"https:\/\/www.lpalaw.com\/en\/hr-policy\/become-interne\/","url":"https:\/\/www.lpalaw.com\/en\/hr-policy\/become-interne\/","name":"Become Intern - Business Lawyers | LPA Law Avocats","isPartOf":{"@id":"https:\/\/www.lpalaw.com\/#website"},"datePublished":"2016-07-25T16:14:21+00:00","dateModified":"2017-01-10T11:24:04+00:00","description":"Devenir Stagiaire au sein du cabinet d'avocat LPA - CGR : rejoignez notre cabinet de 180 avocats et donnez de l'\u00e9lan \u00e0 votre carri\u00e8re internationale !","breadcrumb":{"@id":"https:\/\/www.lpalaw.com\/en\/hr-policy\/become-interne\/#breadcrumb"},"inLanguage":"en-US","potentialAction":[{"@type":"ReadAction","target":["https:\/\/www.lpalaw.com\/en\/hr-policy\/become-interne\/"]}]},{"@type":"BreadcrumbList","@id":"https:\/\/www.lpalaw.com\/en\/hr-policy\/become-interne\/#breadcrumb","itemListElement":[{"@type":"ListItem","position":1,"name":"Accueil","item":"https:\/\/www.lpalaw.com\/en\/"},{"@type":"ListItem","position":2,"name":"Our HR policy","item":"https:\/\/www.lpalaw.com\/en\/hr-policy\/"},{"@type":"ListItem","position":3,"name":"Become Intern"}]},{"@type":"WebSite","@id":"https:\/\/www.lpalaw.com\/#website","url":"https:\/\/www.lpalaw.com\/","name":"Avocats d\u2019affaires | LPA Law","description":"Business Lawyers","publisher":{"@id":"https:\/\/www.lpalaw.com\/#organization"},"potentialAction":[{"@type":"SearchAction","target":{"@type":"EntryPoint","urlTemplate":"https:\/\/www.lpalaw.com\/?s={search_term_string}"},"query-input":{"@type":"PropertyValueSpecification","valueRequired":true,"valueName":"search_term_string"}}],"inLanguage":"en-US"},{"@type":"Organization","@id":"https:\/\/www.lpalaw.com\/#organization","name":"LPA Law","url":"https:\/\/www.lpalaw.com\/","logo":{"@type":"ImageObject","inLanguage":"en-US","@id":"https:\/\/www.lpalaw.com\/#\/schema\/logo\/image\/","url":"https:\/\/www.lpalaw.com\/wp-content\/uploads\/2019\/03\/lpa.png","contentUrl":"https:\/\/www.lpalaw.com\/wp-content\/uploads\/2019\/03\/lpa.png","width":130,"height":101,"caption":"LPA Law"},"image":{"@id":"https:\/\/www.lpalaw.com\/#\/schema\/logo\/image\/"},"sameAs":["https:\/\/x.com\/lpalaw","https:\/\/www.linkedin.com\/company\/lpa-cgr-avocats\/"]}]}},"_links":{"self":[{"href":"https:\/\/www.lpalaw.com\/en\/wp-json\/wp\/v2\/pages\/3060","targetHints":{"allow":["GET"]}}],"collection":[{"href":"https:\/\/www.lpalaw.com\/en\/wp-json\/wp\/v2\/pages"}],"about":[{"href":"https:\/\/www.lpalaw.com\/en\/wp-json\/wp\/v2\/types\/page"}],"author":[{"embeddable":true,"href":"https:\/\/www.lpalaw.com\/en\/wp-json\/wp\/v2\/users\/16"}],"replies":[{"embeddable":true,"href":"https:\/\/www.lpalaw.com\/en\/wp-json\/wp\/v2\/comments?post=3060"}],"version-history":[{"count":1,"href":"https:\/\/www.lpalaw.com\/en\/wp-json\/wp\/v2\/pages\/3060\/revisions"}],"predecessor-version":[{"id":3061,"href":"https:\/\/www.lpalaw.com\/en\/wp-json\/wp\/v2\/pages\/3060\/revisions\/3061"}],"up":[{"embeddable":true,"href":"https:\/\/www.lpalaw.com\/en\/wp-json\/wp\/v2\/pages\/2854"}],"wp:attachment":[{"href":"https:\/\/www.lpalaw.com\/en\/wp-json\/wp\/v2\/media?parent=3060"}],"curies":[{"name":"wp","href":"https:\/\/api.w.org\/{rel}","templated":true}]}}